{"id":96,"date":"2013-06-07T11:37:23","date_gmt":"2013-06-07T11:37:23","guid":{"rendered":"http:\/\/demo2.woothemes.com\/woocommerce\/?post_type=product&#038;p=96"},"modified":"2023-04-08T19:06:20","modified_gmt":"2023-04-08T19:06:20","slug":"pink-roses-for-your-loved-ones","status":"publish","type":"product","link":"https:\/\/www.rasadnikcvecazivkovic.rs\/index.php\/product\/pink-roses-for-your-loved-ones\/","title":{"rendered":"Pelargonium zonale &#8211; Staja\u0107a mu\u0161katla (komad)"},"content":{"rendered":"","protected":false},"excerpt":{"rendered":"<p><strong>Dostupne boje<\/strong>: crvena, narandzasta, roza, ciklama, bela, kajsija, lila itd.<\/p>\n<p><strong>Veli\u010dina saksije:<\/strong> \u00d8 13<\/p>\n<p><strong>\u017divotni ciklus:<\/strong> vi\u0161egodi\u0161nja biljka (\u010duvanje preko zime)<\/p>\n<p><strong>Vreme cvetanja:<\/strong> prole\u0107e, leto, kasno leto<\/p>\n<p><strong>Visina:<\/strong> 12 &#8211; 60 cm<\/p>\n<p><strong>\u0160irina:<\/strong> 30 &#8211; 40 cm<\/p>\n<p><strong>Rast:<\/strong> \u017ebunast<\/p>\n<p><strong>Svetlosni uslovi<\/strong>: sunce<\/p>\n<p><strong>Zalivanje:<\/strong> redovno<\/p>\n<p><strong>Prihrana: <\/strong>tokom cvetanja jednom nedeljno<\/p>\n","protected":false},"featured_media":2542,"comment_status":"open","ping_status":"closed","template":"","meta":[],"product_cat":[26,30,27],"product_tag":[85,83,89,82],"class_list":["post-96","product","type-product","status-publish","has-post-thumbnail","hentry","product_cat-muskatle","product_cat-prolena-kolekcija","product_cat-rasad-cveca","product_tag-poluhlad","product_tag-sunce","product_tag-uspravan-rast","product_tag-visegodisnja-biljka","notblog"],"_links":{"self":[{"href":"https:\/\/www.rasadnikcvecazivkovic.rs\/index.php\/wp-json\/wp\/v2\/product\/96","targetHints":{"allow":["GET"]}}],"collection":[{"href":"https:\/\/www.rasadnikcvecazivkovic.rs\/index.php\/wp-json\/wp\/v2\/product"}],"about":[{"href":"https:\/\/www.rasadnikcvecazivkovic.rs\/index.php\/wp-json\/wp\/v2\/types\/product"}],"replies":[{"embeddable":true,"href":"https:\/\/www.rasadnikcvecazivkovic.rs\/index.php\/wp-json\/wp\/v2\/comments?post=96"}],"wp:featuredmedia":[{"embeddable":true,"href":"https:\/\/www.rasadnikcvecazivkovic.rs\/index.php\/wp-json\/wp\/v2\/media\/2542"}],"wp:attachment":[{"href":"https:\/\/www.rasadnikcvecazivkovic.rs\/index.php\/wp-json\/wp\/v2\/media?parent=96"}],"wp:term":[{"taxonomy":"product_cat","embeddable":true,"href":"https:\/\/www.rasadnikcvecazivkovic.rs\/index.php\/wp-json\/wp\/v2\/product_cat?post=96"},{"taxonomy":"product_tag","embeddable":true,"href":"https:\/\/www.rasadnikcvecazivkovic.rs\/index.php\/wp-json\/wp\/v2\/product_tag?post=96"}],"curies":[{"name":"wp","href":"https:\/\/api.w.org\/{rel}","templated":true}]}}