{"id":87,"date":"2013-06-07T11:34:14","date_gmt":"2013-06-07T11:34:14","guid":{"rendered":"http:\/\/demo2.woothemes.com\/woocommerce\/?post_type=product&#038;p=87"},"modified":"2023-04-08T19:07:21","modified_gmt":"2023-04-08T19:07:21","slug":"beautiful-basket-of-gerberas-roses","status":"publish","type":"product","link":"https:\/\/www.rasadnikcvecazivkovic.rs\/index.php\/product\/beautiful-basket-of-gerberas-roses\/","title":{"rendered":"Kaliopa &#8211; Pelargonium interspecific var. Calliope (komad)"},"content":{"rendered":"","protected":false},"excerpt":{"rendered":"<p><strong>Dostupne boje<\/strong>: bordo<\/p>\n<p><strong>Veli\u010dina saksije:<\/strong> \u00d8 13<\/p>\n<p><strong>\u017divotni ciklus:<\/strong> vi\u0161egodi\u0161nja biljka (\u010duvanje preko zime)<\/p>\n<p><strong>Vreme cvetanja:<\/strong> prole\u0107e, leto, kasno leto<\/p>\n<p><strong>Visina:<\/strong> 35 &#8211; 45 cm<\/p>\n<p><strong>\u0160irina:<\/strong> 40 \u2013 50 cm<\/p>\n<p><strong>Rast:<\/strong> poluvise\u0107a biljka<\/p>\n<p><strong>Svetlosni uslovi:<\/strong> sunce<\/p>\n<p><strong>Zalivanje:<\/strong> redovno<\/p>\n<p><strong>Prihrana: <\/strong>tokom cvetanja jednom nedeljno<\/p>\n","protected":false},"featured_media":2471,"comment_status":"open","ping_status":"closed","template":"","meta":[],"product_cat":[26,30,27],"product_tag":[85,87,83,82],"class_list":["post-87","product","type-product","status-publish","has-post-thumbnail","hentry","product_cat-muskatle","product_cat-prolena-kolekcija","product_cat-rasad-cveca","product_tag-poluhlad","product_tag-poluviseca-biljka","product_tag-sunce","product_tag-visegodisnja-biljka","notblog"],"_links":{"self":[{"href":"https:\/\/www.rasadnikcvecazivkovic.rs\/index.php\/wp-json\/wp\/v2\/product\/87","targetHints":{"allow":["GET"]}}],"collection":[{"href":"https:\/\/www.rasadnikcvecazivkovic.rs\/index.php\/wp-json\/wp\/v2\/product"}],"about":[{"href":"https:\/\/www.rasadnikcvecazivkovic.rs\/index.php\/wp-json\/wp\/v2\/types\/product"}],"replies":[{"embeddable":true,"href":"https:\/\/www.rasadnikcvecazivkovic.rs\/index.php\/wp-json\/wp\/v2\/comments?post=87"}],"wp:featuredmedia":[{"embeddable":true,"href":"https:\/\/www.rasadnikcvecazivkovic.rs\/index.php\/wp-json\/wp\/v2\/media\/2471"}],"wp:attachment":[{"href":"https:\/\/www.rasadnikcvecazivkovic.rs\/index.php\/wp-json\/wp\/v2\/media?parent=87"}],"wp:term":[{"taxonomy":"product_cat","embeddable":true,"href":"https:\/\/www.rasadnikcvecazivkovic.rs\/index.php\/wp-json\/wp\/v2\/product_cat?post=87"},{"taxonomy":"product_tag","embeddable":true,"href":"https:\/\/www.rasadnikcvecazivkovic.rs\/index.php\/wp-json\/wp\/v2\/product_tag?post=87"}],"curies":[{"name":"wp","href":"https:\/\/api.w.org\/{rel}","templated":true}]}}