{"id":1733,"date":"2016-01-11T09:15:48","date_gmt":"2016-01-11T09:15:48","guid":{"rendered":"http:\/\/wordpress.magikthemes.com\/wrangler\/?post_type=product&#038;p=1733"},"modified":"2023-04-08T18:50:34","modified_gmt":"2023-04-08T18:50:34","slug":"bouquet-of-white-gerberas","status":"publish","type":"product","link":"https:\/\/www.rasadnikcvecazivkovic.rs\/index.php\/product\/bouquet-of-white-gerberas\/","title":{"rendered":"Kaliopa &#8211; Pelargonium interspecific var. Calliope (korpa)"},"content":{"rendered":"","protected":false},"excerpt":{"rendered":"<p><strong style=\"letter-spacing: 0.5px; font-size: 13px;\">Dostupne boje<\/strong><span style=\"letter-spacing: 0.5px; font-size: 13px;\">: bordo<\/span><\/p>\n<p><strong>Veli\u010dina saksije:<\/strong> \u00d8 20<\/p>\n<p><strong>\u017divotni ciklus:<\/strong> vi\u0161egodi\u0161nja biljka (\u010duvanje preko zime)<\/p>\n<p><strong>Vreme cvetanja:<\/strong> prole\u0107e, leto, kasno leto<\/p>\n<p><strong>Visina:<\/strong> 35 &#8211; 45 cm<\/p>\n<p><strong>\u0160irina:<\/strong> 40 \u2013 50 cm<\/p>\n<p><strong>Rast:<\/strong> poluvise\u0107a biljka<\/p>\n<p><strong>Svetlosni uslovi:<\/strong> sunce<\/p>\n<p><strong>Zalivanje:<\/strong> redovno<\/p>\n<p><strong>Prihrana: <\/strong>tokom cvetanja jednom nedeljno<\/p>\n","protected":false},"featured_media":2450,"comment_status":"open","ping_status":"closed","template":"","meta":[],"product_cat":[35,26,30],"product_tag":[87,83,82],"class_list":["post-1733","product","type-product","status-publish","has-post-thumbnail","hentry","product_cat-korpe","product_cat-muskatle","product_cat-prolena-kolekcija","product_tag-poluviseca-biljka","product_tag-sunce","product_tag-visegodisnja-biljka","notblog"],"_links":{"self":[{"href":"https:\/\/www.rasadnikcvecazivkovic.rs\/index.php\/wp-json\/wp\/v2\/product\/1733","targetHints":{"allow":["GET"]}}],"collection":[{"href":"https:\/\/www.rasadnikcvecazivkovic.rs\/index.php\/wp-json\/wp\/v2\/product"}],"about":[{"href":"https:\/\/www.rasadnikcvecazivkovic.rs\/index.php\/wp-json\/wp\/v2\/types\/product"}],"replies":[{"embeddable":true,"href":"https:\/\/www.rasadnikcvecazivkovic.rs\/index.php\/wp-json\/wp\/v2\/comments?post=1733"}],"wp:featuredmedia":[{"embeddable":true,"href":"https:\/\/www.rasadnikcvecazivkovic.rs\/index.php\/wp-json\/wp\/v2\/media\/2450"}],"wp:attachment":[{"href":"https:\/\/www.rasadnikcvecazivkovic.rs\/index.php\/wp-json\/wp\/v2\/media?parent=1733"}],"wp:term":[{"taxonomy":"product_cat","embeddable":true,"href":"https:\/\/www.rasadnikcvecazivkovic.rs\/index.php\/wp-json\/wp\/v2\/product_cat?post=1733"},{"taxonomy":"product_tag","embeddable":true,"href":"https:\/\/www.rasadnikcvecazivkovic.rs\/index.php\/wp-json\/wp\/v2\/product_tag?post=1733"}],"curies":[{"name":"wp","href":"https:\/\/api.w.org\/{rel}","templated":true}]}}