{"id":113,"date":"2013-06-07T11:22:50","date_gmt":"2013-06-07T11:22:50","guid":{"rendered":"http:\/\/demo2.woothemes.com\/woocommerce\/?post_type=product&#038;p=67"},"modified":"2023-04-08T19:08:07","modified_gmt":"2023-04-08T19:08:07","slug":"basket-of-roses-with-dairymilk-silk","status":"publish","type":"product","link":"https:\/\/www.rasadnikcvecazivkovic.rs\/index.php\/product\/basket-of-roses-with-dairymilk-silk\/","title":{"rendered":"Engleska mu\u0161katla &#8211; Pelargonium grandiflorum (komad)"},"content":{"rendered":"","protected":false},"excerpt":{"rendered":"<p><strong>Dostupne boje<\/strong>: crvena sa tamnim centrom, roze sa tamnim centrom, bela<\/p>\n<p><strong>Veli\u010dina saksije:<\/strong> \u00d8 13<\/p>\n<p><strong>\u017divotni ciklus:<\/strong> vi\u0161egodi\u0161nja biljka (\u010duvanje preko zime)<\/p>\n<p><strong>Vreme cvetanja:<\/strong> prole\u0107e, leto, kasno leto<\/p>\n<p><strong>Visina: <\/strong>30 &#8211; 50 cm<\/p>\n<p><strong>\u0160irina:<\/strong> 30 &#8211; 50 cm<\/p>\n<p><strong>Rast:<\/strong> uspravan<\/p>\n<p><strong>Svetlosni uslovi:<\/strong> poluhlad<\/p>\n<p><strong>Zalivanje:<\/strong> redovno<\/p>\n<p><strong>Prihrana: <\/strong>tokom cvetanja jednom nedeljno<\/p>\n","protected":false},"featured_media":2472,"comment_status":"open","ping_status":"closed","template":"","meta":[],"product_cat":[26,30,27],"product_tag":[85,89,82],"class_list":["post-113","product","type-product","status-publish","has-post-thumbnail","hentry","product_cat-muskatle","product_cat-prolena-kolekcija","product_cat-rasad-cveca","product_tag-poluhlad","product_tag-uspravan-rast","product_tag-visegodisnja-biljka","notblog"],"_links":{"self":[{"href":"https:\/\/www.rasadnikcvecazivkovic.rs\/index.php\/wp-json\/wp\/v2\/product\/113","targetHints":{"allow":["GET"]}}],"collection":[{"href":"https:\/\/www.rasadnikcvecazivkovic.rs\/index.php\/wp-json\/wp\/v2\/product"}],"about":[{"href":"https:\/\/www.rasadnikcvecazivkovic.rs\/index.php\/wp-json\/wp\/v2\/types\/product"}],"replies":[{"embeddable":true,"href":"https:\/\/www.rasadnikcvecazivkovic.rs\/index.php\/wp-json\/wp\/v2\/comments?post=113"}],"wp:featuredmedia":[{"embeddable":true,"href":"https:\/\/www.rasadnikcvecazivkovic.rs\/index.php\/wp-json\/wp\/v2\/media\/2472"}],"wp:attachment":[{"href":"https:\/\/www.rasadnikcvecazivkovic.rs\/index.php\/wp-json\/wp\/v2\/media?parent=113"}],"wp:term":[{"taxonomy":"product_cat","embeddable":true,"href":"https:\/\/www.rasadnikcvecazivkovic.rs\/index.php\/wp-json\/wp\/v2\/product_cat?post=113"},{"taxonomy":"product_tag","embeddable":true,"href":"https:\/\/www.rasadnikcvecazivkovic.rs\/index.php\/wp-json\/wp\/v2\/product_tag?post=113"}],"curies":[{"name":"wp","href":"https:\/\/api.w.org\/{rel}","templated":true}]}}