{"id":105,"date":"2013-06-07T10:52:06","date_gmt":"2013-06-07T10:52:06","guid":{"rendered":"http:\/\/demo2.woothemes.com\/woocommerce\/?post_type=product&#038;p=34"},"modified":"2023-04-08T19:10:00","modified_gmt":"2023-04-08T19:10:00","slug":"vase-arrangement-of-orchids","status":"publish","type":"product","link":"https:\/\/www.rasadnikcvecazivkovic.rs\/index.php\/product\/vase-arrangement-of-orchids\/","title":{"rendered":"Slovena\u010dka retka mu\u0161katla &#8211; Pelargonium peltatum (komad)"},"content":{"rendered":"","protected":false},"excerpt":{"rendered":"<p><strong>suDostupne boje<\/strong>: crvena, bela i roze<\/p>\n<p><strong>Veli\u010dina saksije:<\/strong> \u00d8 11<\/p>\n<p><strong>\u017divotni ciklus:<\/strong> vi\u0161egodi\u0161nja biljka (\u010duvanje preko zime)<\/p>\n<p><strong>Vreme cvetanja:<\/strong> prole\u0107e, leto, kasno leto<\/p>\n<p><strong>Visina:<\/strong> 30 &#8211; 60 cm<\/p>\n<p><strong>\u0160irina:<\/strong> 90- 150 cm<\/p>\n<p><strong>Rast:<\/strong> vise\u0107i<\/p>\n<p><strong>Svetlosni uslovi:<\/strong> sunce &#8211; poluhlad<\/p>\n<p><strong>Zalivanje:<\/strong> redovno<\/p>\n<p><strong>Prihrana: <\/strong>tokom cvetanja jednom nedeljno<\/p>\n","protected":false},"featured_media":2475,"comment_status":"open","ping_status":"closed","template":"","meta":[],"product_cat":[26,30,27],"product_tag":[85,83,88,82],"class_list":["post-105","product","type-product","status-publish","has-post-thumbnail","hentry","product_cat-muskatle","product_cat-prolena-kolekcija","product_cat-rasad-cveca","product_tag-poluhlad","product_tag-sunce","product_tag-viseca-biljka","product_tag-visegodisnja-biljka","notblog"],"_links":{"self":[{"href":"https:\/\/www.rasadnikcvecazivkovic.rs\/index.php\/wp-json\/wp\/v2\/product\/105","targetHints":{"allow":["GET"]}}],"collection":[{"href":"https:\/\/www.rasadnikcvecazivkovic.rs\/index.php\/wp-json\/wp\/v2\/product"}],"about":[{"href":"https:\/\/www.rasadnikcvecazivkovic.rs\/index.php\/wp-json\/wp\/v2\/types\/product"}],"replies":[{"embeddable":true,"href":"https:\/\/www.rasadnikcvecazivkovic.rs\/index.php\/wp-json\/wp\/v2\/comments?post=105"}],"wp:featuredmedia":[{"embeddable":true,"href":"https:\/\/www.rasadnikcvecazivkovic.rs\/index.php\/wp-json\/wp\/v2\/media\/2475"}],"wp:attachment":[{"href":"https:\/\/www.rasadnikcvecazivkovic.rs\/index.php\/wp-json\/wp\/v2\/media?parent=105"}],"wp:term":[{"taxonomy":"product_cat","embeddable":true,"href":"https:\/\/www.rasadnikcvecazivkovic.rs\/index.php\/wp-json\/wp\/v2\/product_cat?post=105"},{"taxonomy":"product_tag","embeddable":true,"href":"https:\/\/www.rasadnikcvecazivkovic.rs\/index.php\/wp-json\/wp\/v2\/product_tag?post=105"}],"curies":[{"name":"wp","href":"https:\/\/api.w.org\/{rel}","templated":true}]}}