{"id":102,"date":"2013-06-07T10:35:51","date_gmt":"2013-06-07T10:35:51","guid":{"rendered":"http:\/\/demo2.woothemes.com\/dummydata\/?post_type=product&#038;p=15"},"modified":"2023-04-08T19:13:21","modified_gmt":"2023-04-08T19:13:21","slug":"glass-vase-of-mix-flowers-for-mother","status":"publish","type":"product","link":"https:\/\/www.rasadnikcvecazivkovic.rs\/index.php\/product\/glass-vase-of-mix-flowers-for-mother\/","title":{"rendered":"Kadifica &#8211; Tagetes patula nana (komad)"},"content":{"rendered":"","protected":false},"excerpt":{"rendered":"<p><strong>Dostupne boje<\/strong>: narand\u017easta, \u017euta, vi\u0161e vrsta \u0161arenih<\/p>\n<p><strong>Veli\u010dina saksije:<\/strong> \u00d8 7<\/p>\n<p><strong>\u017divotni ciklus:<\/strong> jednogodi\u0161nja biljka<\/p>\n<p><strong>Vreme cvetanja:<\/strong> prole\u0107e, leto, kasno leto<\/p>\n<p><strong>Visina:<\/strong> 20 &#8211; 40 cm<\/p>\n<p><strong>\u0160irina:<\/strong> 30 cm<\/p>\n<p><strong>Rast:<\/strong> \u017ebunast<\/p>\n<p><strong>Svetlosni uslovi:<\/strong> sunce<\/p>\n<p><strong>Zalivanje:<\/strong> umereno (podnosi blagu su\u0161u)<\/p>\n<p><strong>Prihrana: <\/strong>tokom cvetanja jednom nedeljno<\/p>\n","protected":false},"featured_media":2483,"comment_status":"open","ping_status":"closed","template":"","meta":[],"product_cat":[30,27],"product_tag":[81,83,86],"class_list":["post-102","product","type-product","status-publish","has-post-thumbnail","hentry","product_cat-prolena-kolekcija","product_cat-rasad-cveca","product_tag-jednogodisnja-biljka","product_tag-sunce","product_tag-zbunasta-biljka","notblog"],"_links":{"self":[{"href":"https:\/\/www.rasadnikcvecazivkovic.rs\/index.php\/wp-json\/wp\/v2\/product\/102","targetHints":{"allow":["GET"]}}],"collection":[{"href":"https:\/\/www.rasadnikcvecazivkovic.rs\/index.php\/wp-json\/wp\/v2\/product"}],"about":[{"href":"https:\/\/www.rasadnikcvecazivkovic.rs\/index.php\/wp-json\/wp\/v2\/types\/product"}],"replies":[{"embeddable":true,"href":"https:\/\/www.rasadnikcvecazivkovic.rs\/index.php\/wp-json\/wp\/v2\/comments?post=102"}],"wp:featuredmedia":[{"embeddable":true,"href":"https:\/\/www.rasadnikcvecazivkovic.rs\/index.php\/wp-json\/wp\/v2\/media\/2483"}],"wp:attachment":[{"href":"https:\/\/www.rasadnikcvecazivkovic.rs\/index.php\/wp-json\/wp\/v2\/media?parent=102"}],"wp:term":[{"taxonomy":"product_cat","embeddable":true,"href":"https:\/\/www.rasadnikcvecazivkovic.rs\/index.php\/wp-json\/wp\/v2\/product_cat?post=102"},{"taxonomy":"product_tag","embeddable":true,"href":"https:\/\/www.rasadnikcvecazivkovic.rs\/index.php\/wp-json\/wp\/v2\/product_tag?post=102"}],"curies":[{"name":"wp","href":"https:\/\/api.w.org\/{rel}","templated":true}]}}